{"id":76,"date":"2013-02-09T14:42:50","date_gmt":"2013-02-09T13:42:50","guid":{"rendered":"http:\/\/svr-hamburg.de\/svr\/?page_id=76"},"modified":"2025-07-28T12:48:21","modified_gmt":"2025-07-28T10:48:21","slug":"gastliegeplatze","status":"publish","type":"page","link":"https:\/\/svr-hamburg.de\/svr\/?page_id=76","title":{"rendered":"Gastliegepl\u00e4tze"},"content":{"rendered":"<p>Herzlich willkommen in unserem Clubhafen Holstenkaten. Wir w\u00fcnschen Ihnen einen angenehmen Aufenthalt in unserer Hafenanlage. Im Clubhaus stehen Ihnen Toiletten und Dusche zur Verf\u00fcgung.<\/p>\n<h2>Von unseren G\u00e4sten erbitten wir nachstehende Liegegeb\u00fchren:<\/h2>\n<table>\n<tbody>\n<tr>\n<td style=\"width: 25em;\"><strong>Bootsl\u00e4nge<\/strong><\/td>\n<td><strong>Tagespreis<\/strong><\/td>\n<\/tr>\n<tr>\n<td>bis 10,00 m<\/td>\n<td>\u20ac 10,00<\/td>\n<\/tr>\n<tr>\n<td>jeder weitere angefangene Meter (bis 15,00 m)<\/td>\n<td>\u20ac 1,00<\/td>\n<\/tr>\n<tr>\n<td>Jollen<\/td>\n<td>\u20ac 7,00<\/td>\n<\/tr>\n<tr>\n<td>Wochensatz<\/td>\n<td>6 Tagess\u00e4tze<\/td>\n<\/tr>\n<\/tbody>\n<\/table>\n<p><em>Stromnutzung inklusive.<\/em><\/p>\n<h3>Saisonpl\u00e4tze: f\u00fcr die Zeit vom 1. Mai bis zum 15. September<\/h3>\n<table style=\"height: 164px;\" width=\"683\">\n<tbody>\n<tr>\n<td style=\"width: 25em;\"><strong>Bootsl\u00e4nge<\/strong><\/td>\n<td><\/td>\n<\/tr>\n<tr>\n<td>bis 7,00 m<\/td>\n<td>600,00\u20ac<\/td>\n<\/tr>\n<tr>\n<td>jeder weitere angefangene Meter Bootsl\u00e4nge (aufgerundet)<\/td>\n<td>100,00\u20ac<\/td>\n<\/tr>\n<tr>\n<td><\/td>\n<td><\/td>\n<\/tr>\n<tr>\n<td>Trailer: Lagerung auf dem Gel\u00e4nde nach Absprache gegen Geb\u00fchr<\/td>\n<td><\/td>\n<\/tr>\n<\/tbody>\n<\/table>\n<p>Bitte sprechen Sie unsere <a href=\"https:\/\/svr-hamburg.de\/svr\/?page_id=9\">Hafenmeister<\/a> an!<\/p>\n","protected":false},"excerpt":{"rendered":"<p>Herzlich willkommen in unserem Clubhafen Holstenkaten. Wir w\u00fcnschen Ihnen einen angenehmen Aufenthalt in unserer Hafenanlage. Im Clubhaus stehen Ihnen Toiletten und Dusche zur Verf\u00fcgung. Von unseren G\u00e4sten erbitten wir nachstehende Liegegeb\u00fchren: Bootsl\u00e4nge Tagespreis bis 10,00 m \u20ac 10,00 jeder weitere &hellip; <a href=\"https:\/\/svr-hamburg.de\/svr\/?page_id=76\">Weiterlesen <span class=\"meta-nav\">&rarr;<\/span><\/a><\/p>\n","protected":false},"author":1,"featured_media":0,"parent":17,"menu_order":2,"comment_status":"closed","ping_status":"closed","template":"","meta":{"footnotes":""},"class_list":["post-76","page","type-page","status-publish","hentry"],"_links":{"self":[{"href":"https:\/\/svr-hamburg.de\/svr\/index.php?rest_route=\/wp\/v2\/pages\/76","targetHints":{"allow":["GET"]}}],"collection":[{"href":"https:\/\/svr-hamburg.de\/svr\/index.php?rest_route=\/wp\/v2\/pages"}],"about":[{"href":"https:\/\/svr-hamburg.de\/svr\/index.php?rest_route=\/wp\/v2\/types\/page"}],"author":[{"embeddable":true,"href":"https:\/\/svr-hamburg.de\/svr\/index.php?rest_route=\/wp\/v2\/users\/1"}],"replies":[{"embeddable":true,"href":"https:\/\/svr-hamburg.de\/svr\/index.php?rest_route=%2Fwp%2Fv2%2Fcomments&post=76"}],"version-history":[{"count":11,"href":"https:\/\/svr-hamburg.de\/svr\/index.php?rest_route=\/wp\/v2\/pages\/76\/revisions"}],"predecessor-version":[{"id":11561,"href":"https:\/\/svr-hamburg.de\/svr\/index.php?rest_route=\/wp\/v2\/pages\/76\/revisions\/11561"}],"up":[{"embeddable":true,"href":"https:\/\/svr-hamburg.de\/svr\/index.php?rest_route=\/wp\/v2\/pages\/17"}],"wp:attachment":[{"href":"https:\/\/svr-hamburg.de\/svr\/index.php?rest_route=%2Fwp%2Fv2%2Fmedia&parent=76"}],"curies":[{"name":"wp","href":"https:\/\/api.w.org\/{rel}","templated":true}]}}