{"id":406,"date":"2013-10-08T17:25:32","date_gmt":"2013-10-08T15:25:32","guid":{"rendered":"http:\/\/svr-hamburg.de\/svr\/?page_id=406"},"modified":"2024-03-22T17:59:30","modified_gmt":"2024-03-22T16:59:30","slug":"jahreshauptversammlung","status":"publish","type":"page","link":"https:\/\/svr-hamburg.de\/svr\/","title":{"rendered":"Aktuelles"},"content":{"rendered":"\n<p><\/p>\n\n\n<h2>\u00a0<img loading=\"lazy\" decoding=\"async\" class=\"alignnone size-full wp-image-729\" style=\"padding-top: 20px;\" src=\"https:\/\/svr-hamburg.de\/svr\/wp-content\/uploads\/2013\/10\/kommen-sie-zu-uns.jpg\" alt=\"kommen-sie-zu-uns\" width=\"367\" height=\"48\" srcset=\"https:\/\/svr-hamburg.de\/svr\/wp-content\/uploads\/2013\/10\/kommen-sie-zu-uns.jpg 367w, https:\/\/svr-hamburg.de\/svr\/wp-content\/uploads\/2013\/10\/kommen-sie-zu-uns-250x32.jpg 250w\" sizes=\"auto, (max-width: 367px) 100vw, 367px\" \/><\/h2>\n<p>Als Gast stehen Ihnen unsere Sommerliegepl\u00e4tze zur Verf\u00fcgung. Auf Anfrage haben wir auch Winterlagerpl\u00e4tze f\u00fcr Boote auf eigenem Trailer. Als Mitglied nutzen Sie unsere Einrichtungen und erfahren unsere sportliche und technische Unterst\u00fctzung im Team der SVR.<\/p>\n<p><img loading=\"lazy\" decoding=\"async\" class=\"alignnone wp-image-1035 size-full\" src=\"https:\/\/svr-hamburg.de\/svr\/wp-content\/uploads\/2017\/12\/SVR_Karte_Anfahrt_2017-2.jpg\" alt=\"\" width=\"768\" height=\"540\" srcset=\"https:\/\/svr-hamburg.de\/svr\/wp-content\/uploads\/2017\/12\/SVR_Karte_Anfahrt_2017-2.jpg 768w, https:\/\/svr-hamburg.de\/svr\/wp-content\/uploads\/2017\/12\/SVR_Karte_Anfahrt_2017-2-250x176.jpg 250w, https:\/\/svr-hamburg.de\/svr\/wp-content\/uploads\/2017\/12\/SVR_Karte_Anfahrt_2017-2-400x281.jpg 400w\" sizes=\"auto, (max-width: 768px) 100vw, 768px\" \/><\/p>\n<p>\u00a0<\/p>","protected":false},"excerpt":{"rendered":"<p>\u00a0 Als Gast stehen Ihnen unsere Sommerliegepl\u00e4tze zur Verf\u00fcgung. Auf Anfrage haben wir auch Winterlagerpl\u00e4tze f\u00fcr Boote auf eigenem Trailer. Als Mitglied nutzen Sie unsere Einrichtungen und erfahren unsere sportliche und technische Unterst\u00fctzung im Team der SVR. \u00a0<\/p>\n","protected":false},"author":2,"featured_media":388,"parent":0,"menu_order":0,"comment_status":"closed","ping_status":"closed","template":"","meta":{"footnotes":""},"class_list":["post-406","page","type-page","status-publish","has-post-thumbnail","hentry"],"_links":{"self":[{"href":"https:\/\/svr-hamburg.de\/svr\/index.php?rest_route=\/wp\/v2\/pages\/406","targetHints":{"allow":["GET"]}}],"collection":[{"href":"https:\/\/svr-hamburg.de\/svr\/index.php?rest_route=\/wp\/v2\/pages"}],"about":[{"href":"https:\/\/svr-hamburg.de\/svr\/index.php?rest_route=\/wp\/v2\/types\/page"}],"author":[{"embeddable":true,"href":"https:\/\/svr-hamburg.de\/svr\/index.php?rest_route=\/wp\/v2\/users\/2"}],"replies":[{"embeddable":true,"href":"https:\/\/svr-hamburg.de\/svr\/index.php?rest_route=%2Fwp%2Fv2%2Fcomments&post=406"}],"version-history":[{"count":96,"href":"https:\/\/svr-hamburg.de\/svr\/index.php?rest_route=\/wp\/v2\/pages\/406\/revisions"}],"predecessor-version":[{"id":11190,"href":"https:\/\/svr-hamburg.de\/svr\/index.php?rest_route=\/wp\/v2\/pages\/406\/revisions\/11190"}],"wp:featuredmedia":[{"embeddable":true,"href":"https:\/\/svr-hamburg.de\/svr\/index.php?rest_route=\/wp\/v2\/media\/388"}],"wp:attachment":[{"href":"https:\/\/svr-hamburg.de\/svr\/index.php?rest_route=%2Fwp%2Fv2%2Fmedia&parent=406"}],"curies":[{"name":"wp","href":"https:\/\/api.w.org\/{rel}","templated":true}]}}