{"id":302,"date":"2013-04-04T16:45:59","date_gmt":"2013-04-04T14:45:59","guid":{"rendered":"http:\/\/svr-hamburg.de\/svr\/?page_id=302"},"modified":"2024-01-22T00:41:34","modified_gmt":"2024-01-21T23:41:34","slug":"beitragsordnung-4","status":"publish","type":"page","link":"https:\/\/svr-hamburg.de\/svr\/?page_id=302","title":{"rendered":"Beitragsordnung"},"content":{"rendered":"<table style=\"border: none; margin: 0px; padding: 0px; height: 60px;\" border=\"0\" width=\"654\" cellspacing=\"0\" cellpadding=\"0\">\n<tbody>\n<tr style=\"border: none;\">\n<td style=\"vertical-align: top; text-align: left; border: none; width: 32px; margin: 0; padding: 5px;\"><img decoding=\"async\" src=\"https:\/\/svr-hamburg.de\/svr\/wp-content\/uploads\/2013\/02\/pdf.png\" alt=\"\" \/><\/td>\n<td style=\"vertical-align: top; text-align: left; border: none; margin: 0; padding: 0;\">\n<p>Download der Beitragsordnung als PDF<br \/><a href=\"https:\/\/svr-hamburg.de\/svr\/wp-content\/uploads\/2022\/05\/SVR_Beitragsordnung_2021.pdf\">SVR Beitragsordnung 2021<\/a><\/p>\n<p>Download der Liegegeb\u00fchren als PDF <br \/><a href=\"https:\/\/svr-hamburg.de\/svr\/wp-content\/uploads\/2024\/01\/SVR_Liegegebuehren_2023_Neu.pdf\"> SVR_Liegegebuehren_2023_NEU<\/a><\/p>\n<\/td>\n<\/tr>\n<\/tbody>\n<\/table>\n<p>Im folgenden finden Sie eine kurze Zusammenfassung unserer Beitr\u00e4ge. F\u00fcr eine detailliertere Ausf\u00fchrung laden Sie bitte das obige PDF-Dokument herunter!<\/p>\n<h3><strong>Mitgliedsbeitr\u00e4ge<\/strong><\/h3>\n<table>\n<tbody>\n<tr>\n<td>einmalige Aufnahmegeb\u00fchr<\/td>\n<td style=\"text-align: right;\">300,- \u20ac<\/td>\n<\/tr>\n<tr>\n<td>Jahresbeitrag aktives Mitglied<\/td>\n<td style=\"text-align: right;\">200,- \u20ac<\/td>\n<\/tr>\n<tr>\n<td>Jahresbeitrag Festivit\u00e4ten<\/td>\n<td style=\"text-align: right;\">30,- \u20ac<\/td>\n<\/tr>\n<\/tbody>\n<\/table>\n<h3>\u00a0<\/h3>\n<h3><strong>Bootslagerung<\/strong><\/h3>\n<p><i>Alle Preise f\u00fcr die Bootslagerung verstehen sich pro Quadratmeter und Jahr.<\/i><\/p>\n<table>\n<tbody>\n<tr>\n<td style=\"width: 66%;\">Bootslagerung im Freilager<\/td>\n<td style=\"width: 34%; text-align: right;\">16,- \u20ac\/m\u00b2<\/td>\n<\/tr>\n<tr>\n<td>Bootslagerung in der Halle<\/td>\n<td style=\"text-align: right;\">20,- \u20ac\/m\u00b2<\/td>\n<\/tr>\n<tr>\n<td>Bootslagerung in der Halle<br \/>(Erh\u00f6hter Beitrag, die ersten 2 Jahre)<\/td>\n<td style=\"text-align: right;\">28,- \u20ac\/m\u00b2<\/td>\n<\/tr>\n<\/tbody>\n<\/table>\n\n\n<h2 class=\"wp-block-heading\"><\/h2>\n\n\n\n<p><\/p>\n\n\n\n<p><\/p>\n\n\n\n<p><a href=\"\"><\/a><\/p>\n","protected":false},"excerpt":{"rendered":"<p>Download der Beitragsordnung als PDFSVR Beitragsordnung 2021 Download der Liegegeb\u00fchren als PDF SVR_Liegegebuehren_2023_NEU Im folgenden finden Sie eine kurze Zusammenfassung unserer Beitr\u00e4ge. F\u00fcr eine detailliertere Ausf\u00fchrung laden Sie bitte das obige PDF-Dokument herunter! Mitgliedsbeitr\u00e4ge einmalige Aufnahmegeb\u00fchr 300,- \u20ac Jahresbeitrag aktives &hellip; <a href=\"https:\/\/svr-hamburg.de\/svr\/?page_id=302\">Weiterlesen <span class=\"meta-nav\">&rarr;<\/span><\/a><\/p>\n","protected":false},"author":2,"featured_media":0,"parent":0,"menu_order":3,"comment_status":"closed","ping_status":"open","template":"","meta":{"footnotes":""},"class_list":["post-302","page","type-page","status-publish","hentry"],"_links":{"self":[{"href":"https:\/\/svr-hamburg.de\/svr\/index.php?rest_route=\/wp\/v2\/pages\/302","targetHints":{"allow":["GET"]}}],"collection":[{"href":"https:\/\/svr-hamburg.de\/svr\/index.php?rest_route=\/wp\/v2\/pages"}],"about":[{"href":"https:\/\/svr-hamburg.de\/svr\/index.php?rest_route=\/wp\/v2\/types\/page"}],"author":[{"embeddable":true,"href":"https:\/\/svr-hamburg.de\/svr\/index.php?rest_route=\/wp\/v2\/users\/2"}],"replies":[{"embeddable":true,"href":"https:\/\/svr-hamburg.de\/svr\/index.php?rest_route=%2Fwp%2Fv2%2Fcomments&post=302"}],"version-history":[{"count":33,"href":"https:\/\/svr-hamburg.de\/svr\/index.php?rest_route=\/wp\/v2\/pages\/302\/revisions"}],"predecessor-version":[{"id":11469,"href":"https:\/\/svr-hamburg.de\/svr\/index.php?rest_route=\/wp\/v2\/pages\/302\/revisions\/11469"}],"wp:attachment":[{"href":"https:\/\/svr-hamburg.de\/svr\/index.php?rest_route=%2Fwp%2Fv2%2Fmedia&parent=302"}],"curies":[{"name":"wp","href":"https:\/\/api.w.org\/{rel}","templated":true}]}}