{"id":17,"date":"2013-02-08T16:29:28","date_gmt":"2013-02-08T15:29:28","guid":{"rendered":"http:\/\/svr-hamburg.de\/svr\/?page_id=17"},"modified":"2015-02-05T19:43:18","modified_gmt":"2015-02-05T18:43:18","slug":"unser-hafen","status":"publish","type":"page","link":"https:\/\/svr-hamburg.de\/svr\/?page_id=17","title":{"rendered":"Sportboothafen f\u00fcr Segler und Motorboote auf der gr\u00fcnen Elbinsel in Hamburg"},"content":{"rendered":"<p>Die SVR befindet sich an der n\u00f6rdlichen Seite der S\u00fcderelbe Stromkilometer 613,7 zwischen den Elbbr\u00fccken und der Autobahnbr\u00fccke A1. S\u00fcdlich grenzt der Sportboothafen an das Naturschutzgebiet Heuckenlock. Die Einfahrt ist an den Dalben beschildert.<br \/>\n<img loading=\"lazy\" decoding=\"async\" src=\"https:\/\/svr-hamburg.de\/svr\/wp-content\/uploads\/2013\/02\/Foto_Illu_Elbverlauf_21.jpg\" alt=\"Foto_Illu_Elbverlauf_2\" width=\"630\" height=\"323\" class=\"alignnone size-full wp-image-738\" srcset=\"https:\/\/svr-hamburg.de\/svr\/wp-content\/uploads\/2013\/02\/Foto_Illu_Elbverlauf_21.jpg 630w, https:\/\/svr-hamburg.de\/svr\/wp-content\/uploads\/2013\/02\/Foto_Illu_Elbverlauf_21-250x128.jpg 250w, https:\/\/svr-hamburg.de\/svr\/wp-content\/uploads\/2013\/02\/Foto_Illu_Elbverlauf_21-400x205.jpg 400w\" sizes=\"auto, (max-width: 630px) 100vw, 630px\" \/><br \/>\nDer Hafen f\u00e4llt bei Niedrigwasser teilweise trocken. Der Grund besteht aus weichem Sediment, so dass auch Kielschiffe bei Niedrigwasser sicher liegen. Der Hafen liegt sehr gesch\u00fctzt und ist rundum von B\u00e4umen, B\u00fcschen und dem Elbdeich umgeben.<\/p>\n<p>Auf dem abgeschlossenen Vereinsgel\u00e4nde befindet sich die Bootshalle mit einer Slipanlage, sowie das Clubhaus mit seinen sanit\u00e4ren Einrichtungen. Die Steganlage verf\u00fcgt \u00fcber Wasser- und\u00a0\u00a0\u00a0\u00a0 Stromanschl\u00fcsse. Von der nahen Bus-Endhaltestelle \u201eFinkenrieker Hauptdeich\u201c erreicht man mit dem HVV-Bus in wenigen Minuten den S-Bahnhof -Wilhelmsburg oder -Veddel.<\/p>\n<p>Planen Sie bei Ihrer Elbe-Fahrt einen Stop im SVR-Hafen an der S\u00fcderelbe. Sie sind bei uns willkommen und k\u00f6nnen sicher am Strom der Gezeiten festmachen.<\/p>\n<p>&nbsp;<\/p>\n","protected":false},"excerpt":{"rendered":"<p>Die SVR befindet sich an der n\u00f6rdlichen Seite der S\u00fcderelbe Stromkilometer 613,7 zwischen den Elbbr\u00fccken und der Autobahnbr\u00fccke A1. S\u00fcdlich grenzt der Sportboothafen an das Naturschutzgebiet Heuckenlock. Die Einfahrt ist an den Dalben beschildert. Der Hafen f\u00e4llt bei Niedrigwasser teilweise &hellip; <a href=\"https:\/\/svr-hamburg.de\/svr\/?page_id=17\">Weiterlesen <span class=\"meta-nav\">&rarr;<\/span><\/a><\/p>\n","protected":false},"author":2,"featured_media":0,"parent":0,"menu_order":0,"comment_status":"closed","ping_status":"closed","template":"","meta":{"footnotes":""},"class_list":["post-17","page","type-page","status-publish","hentry"],"_links":{"self":[{"href":"https:\/\/svr-hamburg.de\/svr\/index.php?rest_route=\/wp\/v2\/pages\/17","targetHints":{"allow":["GET"]}}],"collection":[{"href":"https:\/\/svr-hamburg.de\/svr\/index.php?rest_route=\/wp\/v2\/pages"}],"about":[{"href":"https:\/\/svr-hamburg.de\/svr\/index.php?rest_route=\/wp\/v2\/types\/page"}],"author":[{"embeddable":true,"href":"https:\/\/svr-hamburg.de\/svr\/index.php?rest_route=\/wp\/v2\/users\/2"}],"replies":[{"embeddable":true,"href":"https:\/\/svr-hamburg.de\/svr\/index.php?rest_route=%2Fwp%2Fv2%2Fcomments&post=17"}],"version-history":[{"count":7,"href":"https:\/\/svr-hamburg.de\/svr\/index.php?rest_route=\/wp\/v2\/pages\/17\/revisions"}],"predecessor-version":[{"id":739,"href":"https:\/\/svr-hamburg.de\/svr\/index.php?rest_route=\/wp\/v2\/pages\/17\/revisions\/739"}],"wp:attachment":[{"href":"https:\/\/svr-hamburg.de\/svr\/index.php?rest_route=%2Fwp%2Fv2%2Fmedia&parent=17"}],"curies":[{"name":"wp","href":"https:\/\/api.w.org\/{rel}","templated":true}]}}