{"id":15,"date":"2013-02-08T16:25:29","date_gmt":"2013-02-08T15:25:29","guid":{"rendered":"http:\/\/svr-hamburg.de\/svr\/?page_id=15"},"modified":"2026-03-21T15:38:23","modified_gmt":"2026-03-21T14:38:23","slug":"impressum","status":"publish","type":"page","link":"https:\/\/svr-hamburg.de\/svr\/?page_id=15","title":{"rendered":"Impressum"},"content":{"rendered":"<p><i>Diese Website wird betrieben von der <\/i><\/p>\n<p>Segler-Vereinigung Reiherstieg von 1926 e.V.<br \/>\nFinkenrieker Hauptdeich 14<br \/>\n21109 Hamburg<br \/>\nE-Mail: <a href=\"mailto:info@svr-hamburg.de\">info@svr-hamburg.de<\/a><\/p>\n<h3><strong>Vereinsregister<\/strong><\/h3>\n<p>Vereinsregister beim Amtsgericht Hamburg &#8211; VR 3240<\/p>\n<h3>Vertretungsberechtigte Personen<\/h3>\n<p>Der Gesch\u00e4ftsf\u00fchrende Vorstand besteht aus dem ersten Vorsitzenden Torsten Wupper, dem zweiten Vorsitzenden Marcel Kl\u00fcckmann sowie dem Kassenwart Thorsten Menke<\/p>\n<h3>Internet-Ansprechpartner<\/h3>\n<p>Die Homepage wird von Michael Schneider als Internet-Ansprechpartner betreut.<br \/>\nE-Mail: <a href=\"Michael.Schneider@svr-hamburg.de\">Michael.Schneider@svr-hamburg.de<\/a><\/p>\n<h3>Gestaltung und Fotos<\/h3>\n<p>Elke Herz<\/p>\n","protected":false},"excerpt":{"rendered":"<p>Diese Website wird betrieben von der Segler-Vereinigung Reiherstieg von 1926 e.V. Finkenrieker Hauptdeich 14 21109 Hamburg E-Mail: info@svr-hamburg.de Vereinsregister Vereinsregister beim Amtsgericht Hamburg &#8211; VR 3240 Vertretungsberechtigte Personen Der Gesch\u00e4ftsf\u00fchrende Vorstand besteht aus dem ersten Vorsitzenden Torsten Wupper, dem zweiten &hellip; <a href=\"https:\/\/svr-hamburg.de\/svr\/?page_id=15\">Weiterlesen <span class=\"meta-nav\">&rarr;<\/span><\/a><\/p>\n","protected":false},"author":2,"featured_media":0,"parent":0,"menu_order":0,"comment_status":"closed","ping_status":"open","template":"","meta":{"footnotes":""},"class_list":["post-15","page","type-page","status-publish","hentry"],"_links":{"self":[{"href":"https:\/\/svr-hamburg.de\/svr\/index.php?rest_route=\/wp\/v2\/pages\/15","targetHints":{"allow":["GET"]}}],"collection":[{"href":"https:\/\/svr-hamburg.de\/svr\/index.php?rest_route=\/wp\/v2\/pages"}],"about":[{"href":"https:\/\/svr-hamburg.de\/svr\/index.php?rest_route=\/wp\/v2\/types\/page"}],"author":[{"embeddable":true,"href":"https:\/\/svr-hamburg.de\/svr\/index.php?rest_route=\/wp\/v2\/users\/2"}],"replies":[{"embeddable":true,"href":"https:\/\/svr-hamburg.de\/svr\/index.php?rest_route=%2Fwp%2Fv2%2Fcomments&post=15"}],"version-history":[{"count":7,"href":"https:\/\/svr-hamburg.de\/svr\/index.php?rest_route=\/wp\/v2\/pages\/15\/revisions"}],"predecessor-version":[{"id":11600,"href":"https:\/\/svr-hamburg.de\/svr\/index.php?rest_route=\/wp\/v2\/pages\/15\/revisions\/11600"}],"wp:attachment":[{"href":"https:\/\/svr-hamburg.de\/svr\/index.php?rest_route=%2Fwp%2Fv2%2Fmedia&parent=15"}],"curies":[{"name":"wp","href":"https:\/\/api.w.org\/{rel}","templated":true}]}}